{"id":2346,"date":"2023-12-02T12:36:25","date_gmt":"2023-12-02T11:36:25","guid":{"rendered":"https:\/\/you-are-the-point.de\/?page_id=2346"},"modified":"2024-03-26T17:17:48","modified_gmt":"2024-03-26T16:17:48","slug":"testimonials","status":"publish","type":"page","link":"https:\/\/you-are-the-point.de\/de\/testimonials\/","title":{"rendered":"TESTIMONIALS\u200b"},"content":{"rendered":"<p style=\"caret-color: #000000; color: #000000; font-size: 16px;\">Ich traf Angela bei einem Jaw-Release-Workshop bei Marameo. Ihr Fachwissen und ihr Selbstvertrauen haben mich so beeindruckt, dass ich mich f\u00fcr ihr Einzelcoaching angemeldet habe. Ich hatte mein ganzes Leben lang Kiefergelenksbeschwerden und habe als Zahnarzt viele Workshops besucht und verschiedene Therapien ausprobiert. Angela ist die erste Therapeutin, die ihr medizinisches Wissen gekonnt mit alternativen Methoden zu einem ganzheitlichen System verbindet, das mich vollkommen \u00fcberzeugt hat. Sie findet individuelle L\u00f6sungen und kann diese durch Kinesiologie sofort testen. Sie bef\u00e4higt ihre Patienten zur Selbsthilfe, indem sie ihnen entsprechende \u00dcbungen zeigt. Sie identifiziert verborgene Traumata und beseitigt sie auf ihre einzigartige Art und Weise. Ich f\u00fchle mich so viel leichter! Danke, liebe Angela! &#8211;\u00a0Dr. A. Presting-Koite (Zahnarzt)<\/p>\n<p style=\"caret-color: #000000; color: #000000; font-size: 16px;\">Angela hat mit ihrem umfangreichen Wissen, ihrer pers\u00f6nlichen Erfahrung und ihrem Einf\u00fchlungsverm\u00f6gen die Gabe, auf einzigartige Weise zu heilen. Durch die Integration aller drei Ebenen \u2013 physisch-medizinisch, emotional-psychisch und spirituell-energetisch \u2013 schafft sie einen besonders effektiven Ansatz f\u00fcr einen tiefgreifenden Heilungsprozess. Nach jahrelangem Leiden unter Z\u00e4hneknirschen mit schmerzhaften Verspannungen im gesamten Kopf und R\u00fccken, chronischer Sinusitis und Tinnitus und nach der Behandlung durch zahlreiche Physiotherapiesitzungen, Akupunktur und andere gute und kurzfristig wirksame Ans\u00e4tze wie Rolfing und Coaching zeigte mir Angela es eine M\u00f6glichkeit, durch \u00dcbungen selbst\u00e4ndig und t\u00e4glich meine Schmerzen und Verspannungen zu lindern. Sie hat mir geholfen, die Zusammenh\u00e4nge zwischen K\u00f6rper, Seele und Geist zu verstehen und mir so erm\u00f6glicht, ungesunde Verhaltensweisen, Denkmuster und Gewohnheiten langfristig zu ver\u00e4ndern. Ich bin jetzt nahezu schmerzfrei und lebe mit viel mehr Energie und Pr\u00e4senz in meinem Alltag. Angelas Pr\u00e4senz und ihr unkonventioneller, ganzheitlicher Ansatz \u00f6ffnen die T\u00fcren zu wahrer Heilung; Sie zu treffen ist ein Geschenk. Vielen Dank! &#8211;\u00a0V. Weiss (Architekt, M\u00fcnchen)<\/p>\n<p style=\"caret-color: #000000; color: #000000; font-size: 16px;\">Angela Lamprianidou verbindet in ihrer Arbeit medizinisches Wissen mit komplement\u00e4ren Heilmethoden. Ihre ganzheitliche Arbeit ist tiefgreifend, unterst\u00fctzend und einzigartig. Sie hat mich auf allen Ebenen meines Wesens (K\u00f6rper, Geist und Seele) ber\u00fchrt. &#8211;\u00a0M. S. Kiepe (Osteopath, Physiotherapeut und Trainer)<\/p>\n<p>Nach 10 lebenchoreografischen Sitzungen war ich bereit, Selbstverantwortung zu \u00fcbernehmen und mein Leben unter meiner Leitung zu \u201eerneuern\u201c. Die Art und Weise, wie Angela die Sitzungen fokussiert und wie K\u00f6rper, Geist und Seele eine Einheit bilden, ist einzigartig. Ich m\u00f6chte sie \u201eYou are the point\u201c jedem empfehlen, der aufwachen und sein Leben genie\u00dfen m\u00f6chte. &#8211; M. Diener (K\u00fcnstler)<\/p>\n<p>Angela Lamprianidou ist eine fantastische Choreografin, K\u00fcnstlerin und Lehrerin, mit der ich mehrmals zusammengearbeitet habe. Ich empfehle sie allen K\u00fcnstlern, die es lieben, auf performative Weise mit Energie, Bewegung, Stimme und dem inneren Selbst zu arbeiten. &#8211; S. Th\u00fcring (Choreograf und T\u00e4nzer)<\/p>\n<p style=\"caret-color: #000000; color: #000000; font-size: 16px;\">Angela ist eine Lebenschoreografin mit zwei au\u00dfergew\u00f6hnlichen F\u00e4higkeiten: Einerseits durchschaut sie dich und versteht deine Probleme, auch wenn du dir dieser noch nicht ganz bewusst bist. Das ist mir passiert, als wir uns vor einiger Zeit trafen und sie mich nach einem bestimmten K\u00f6rperteil fragte. Damals hatte ich kein Problem damit, zumindest nichts Ernstes. Aber ich kontaktierte sie nach einiger Zeit, als die Dinge aufflammten. Auf der anderen Seite ist Angela sehr f\u00fcrsorglich und zeigt dies auf konventionelle und unkonventionelle Weise, indem sie K\u00f6rper und Geist als eine Einheit behandelt und Bedingungen schafft, unter denen beide scheinbar gl\u00fccklich zusammenflie\u00dfen. Angela hat mir sehr geholfen, nicht zuletzt aufgrund ihrer \u00fcberw\u00e4ltigenden F\u00fcrsorge und Ausdauer. &#8211;\u00a0A. Philippopoulos-Mihalopoulos (Rechtsprofessor, Vereinigtes K\u00f6nigreich)<\/p>\n<p style=\"caret-color: #000000; color: #000000; font-size: 16px;\">Ich kam mitten in einer emotionalen Krise zu Angela und versp\u00fcrte gro\u00dfe Verwirrung und Angst. Sie f\u00fchrte mich in verborgene Winkel meiner Psyche. Es war sehr aufschlussreich, sie zu entr\u00e4tseln, und noch mehr unterdr\u00fcckte Gef\u00fchle konnten zum Vorschein gebracht und ausgedr\u00fcckt werden. Angela hat eine einzigartige Energie, die sich gleichzeitig konfrontativ und liebevoll anf\u00fchlt. Ich bin erstaunt \u00fcber Angelas Gabe, bewusstem Geist und K\u00f6rper die Kommunikation mit dem Unbewussten zu erm\u00f6glichen, um neue Bedeutung, Magie und Heilung zu schaffen. &#8211;\u00a0S. Kwoyin (Heiler, Los Angeles)<\/p>\n<p style=\"caret-color: #000000; color: #000000; font-size: 16px;\">Angelas Worte treffen genau den Punkt. Absolute Genauigkeit! Sie begleitete mich dabei, Klarheit, Freiheit und Leichtigkeit in mir selbst und meinen inneren Dialogen zu finden. F\u00fcr jeden, der irgendwo, irgendwie, mit etwas feststeckt und sich bewegen und wachsen m\u00f6chte, ist diese Arbeit absolut wertvoll. Auch Angelas herzliche und fr\u00f6hliche Art ist wirklich ansteckend! &#8211;\u00a0R. Schulte (Komplement\u00e4rmediziner)<\/p>\n<p style=\"caret-color: #000000; color: #000000; font-size: 16px;\">Angela nahm mich mit ihrem warmen Lachen und ihrer ruhigen Konzentration mit auf eine spannende Reise zu mir selbst und schaffte mit scheinbar einfachen Mitteln ein Bewusstsein f\u00fcr die Zusammenh\u00e4nge zwischen dem Kiefer und dem Rest des K\u00f6rpers sowie dem Geist. Die von ihr entwickelten \u00dcbungen helfen mir nicht nur, meinen Kiefer zu entspannen, sondern wecken auch ein besseres Bewusstsein daf\u00fcr, wann ich in bestimmten Situationen unbewusst \u201edie Z\u00e4hne zusammenbei\u00dfe\u201c. In ihren Sitzungen folgt sie keinem vorgefertigten Programm, sondern orientiert sich an den aktuellen Umst\u00e4nden und W\u00fcnschen. Nach jeder Sitzung mit Angela f\u00fchle ich mich so entspannt wie nach einer wunderbaren Massage. Danke, liebe Angela! &#8211;\u00a0Prof. Dr. R. Janal (Rechtsanwalt)<\/p>\n<p style=\"caret-color: #000000; color: #000000; font-size: 16px;\">Angela f\u00fchrt mich durch die dunklen unterbewussten Gew\u00e4sser meines Selbst und hilft mir, meinen Standpunkt zu finden und so im Alltag aktiver zu sein. &#8211;\u00a0L. Merseburg (Direktor von Imagine Swimming, New York City)<\/p>\n<p><span class=\"Y2IQFc\" lang=\"de\">Angelas Arbeit ist einzigartig, genau wie Angela selbst. Sie ist sehr sensibel und kann schon bei der Begr\u00fc\u00dfung sp\u00fcren, wie ich mich f\u00fchle. Ich bin wegen einer Verspannung im Kiefer zu Angela gekommen und sie hilft mir, ein neues Bewusstsein f\u00fcr meinen Kiefer zu schaffen, ihn wieder wahrzunehmen. Auf anderen Ebenen erweitert sich mein Bewusstsein und ich nehme Gef\u00fchle und Empfindungen wahr, die zuvor unbewusst waren. Jede Sitzung bei ihr ist anders und auf meine Bed\u00fcrfnisse zugeschnitten. Die Arbeit ist aufschlussreich und herausfordernd zugleich, da sie mich dazu anregt, mich mit zuvor verdr\u00e4ngten Themen, Gef\u00fchlen und \u00dcberzeugungen auseinanderzusetzen. Ich war mehrmals versucht, nicht wiederzukommen und keinen weiteren Termin zu vereinbaren, aus Angst vor den damit verbundenen Schmerzen. Allerdings hatte ich jedes Mal das Gef\u00fchl, dass sich durch Angelas Arbeit etwas ver\u00e4nderte. Der Schmerz kommt und geht und verwandelt sich in etwas Neues und Kraftvolles. Dar\u00fcber hinaus wei\u00df ich, dass ich in diesem Prozess nicht allein bin, sondern von Angela unterst\u00fctzt werde. Danke daf\u00fcr, Angela! Ich bin gespannt auf die wertvollen Entdeckungen und Erfahrungen, die ich auf unserer weiteren gemeinsamen Reise sammeln kann. &#8211;\u00a0S. Zumkley (Student)<\/span><\/p>\n<p>Die Arbeit mit Angela war eine transnormative Erfahrung f\u00fcr meinen gesamten K\u00f6rper, einschlie\u00dflich des Kiefergelenks. In meinem Job bin ich zu fast 100 % Stress ausgesetzt. Diese Belastung \u00e4u\u00dferte sich in Schmerzen rund um das Kiefergelenk. Sie brachte mir Gewohnheiten, Atemmuster und Bewegungen bei, die es mir erm\u00f6glichten, Spannungen in meinem Kiefer zu l\u00f6sen, meine Energie freizusetzen und meine chronischen Schmerzen zu lindern. Wenn Sie Schmerzen und Steifheit versp\u00fcren, wird sie einen entscheidenden Unterschied machen. Danke, Angela. \u2013 T. Simpson (Manager)<\/p>\n<p><span class=\"Y2IQFc\" lang=\"de\">Gleich nach dem Ende der ersten Sitzung f\u00fchlte ich mich sehr konzentriert. Die Erkenntnisse und \u00dcbungen helfen mir, auf dem Boden zu bleiben und meinen Entscheidungsprozess zu erleichtern. Ich f\u00fchle mich in meinen Beziehungen sicherer und selbstbewusster. Angela hilft mir, mein wahres Selbst wiederzuentdecken. Danke sch\u00f6n! &#8211;\u00a0C. Candelario (Kosmetikerin, New York City)<\/span><\/p>\n<p>Danke, liebe Angela, f\u00fcr deine liebevolle F\u00fchrung und sch\u00f6ne Pr\u00e4senz! Ich f\u00fchlte mich vollkommen sicher und pl\u00f6tzlich schien alles klar und einfach. Ich bin sehr dankbar f\u00fcr die Intensit\u00e4t und Nachhaltigkeit unserer Sitzung! Du machst einen gro\u00dfen Unterschied! Ich bin voller Freude und Energie! &#8211; H. Pietzcker (M\u00f6beldesigner)<\/p>\n<div class=\"iYB33c\">\n<div class=\"dlJLJe\">\n<div data-cviv=\"false\" data-ved=\"2ahUKEwj9toiCn5KFAxU6bPEDHaxuDPMQz_AEegQIDxAV\">\n<div class=\"U9URNb\">Ich bin weder ein Knirscher noch ein Z\u00e4hneknirscher, noch habe ich mein Kiefergelenk jemals als Teil meines K\u00f6rpers gesp\u00fcrt. Daher dachte ich, dieser Kurs sei nichts f\u00fcr mich, bis ich ihn ausprobierte. Der von Angeliki geschaffene Kurs ist etwas ganz Besonderes und Ungew\u00f6hnliches. Ja, der Kurs beinhaltet einige Yoga-Elemente, aber auf eine ganz besondere Art und Weise. Sie sind raffiniert, fast destilliert und erz\u00e4hlen viel \u00fcber Angelikis Leben als multidisziplin\u00e4re K\u00fcnstlerin, Choreografin, Yoga-Trainerin und Zahn\u00e4rztin. Angela ist eine sehr engagierte Lehrerin mit einem scharfen Auge, profundem Wissen und besonderer Intuition. Mit schwerem Kopf betrat ich den Kurs und verlie\u00df ihn mit Ruhe und Frieden. Ich habe sogar besser geschlafen und bin am n\u00e4chsten Morgen entspannt aufgewacht, wunderbar. Es ist schwierig, alles zu beschreiben, was in diesem Kurs so entspannt war; es ist einfacher, wenn man es erlebt hat. Vielen Dank, Angeliki, und machen Sie weiter mit dieser Pionierarbeit! &#8211;\u00a0L. Wagner (Schauspieler)<\/div>\n<\/div>\n<\/div>\n<div><\/div>\n<div id=\"tw-tmenu\" class=\"tw-menu\"><span style=\"font-size: 16px; caret-color: #000000;\">Angela ist auf allen Ebenen kompetent, als T\u00e4nzerin, Choreografin und Energiespenderin; Sie hat mir Welten ge\u00f6ffnet. &#8211; M. Glaesner (Rhythmuslehrer und Musiker)<\/span><\/div>\n<\/div>\n<p style=\"caret-color: #000000; color: #000000; font-size: 16px;\">Angela hat ein gro\u00dfes Talent, Sch\u00fcler zu fesseln und zu motivieren. Sie tauchen ein in die Erfahrung des zeitgen\u00f6ssischen Tanzes und sind fasziniert von Angelas Talent als Lehrerin und K\u00fcnstlerin. &#8211;\u00a0Prof. Dr. M. Warstat (Professor f\u00fcr Theater- und Medienwissenschaft, N\u00fcrnberg)<\/p>\n<p style=\"caret-color: #000000; color: #000000; font-size: 16px;\">Ihre Ausstrahlung und Ihre sehr herzliche und kompetente Art haben diese Tage f\u00fcr mich zu einem einzigartigen Erlebnis gemacht. Ich habe Ihre Veranstaltung mit neuem Selbstvertrauen, wiederentdeckten Kr\u00e4ften und neuem Mut f\u00fcr mein weiteres Leben verlassen. &#8211;\u00a0K. Abendroth (Lehrer)<\/p>\n","protected":false},"excerpt":{"rendered":"<p>Ich traf Angela bei einem Jaw-Release-Workshop bei Marameo. Ihr Fachwissen und ihr Selbstvertrauen haben mich so beeindruckt, dass ich mich f\u00fcr ihr Einzelcoaching angemeldet habe. Ich hatte mein ganzes Leben lang Kiefergelenksbeschwerden und habe als Zahnarzt viele Workshops besucht und verschiedene Therapien ausprobiert. Angela ist die erste Therapeutin, die ihr medizinisches Wissen gekonnt mit alternativen [&hellip;]<\/p>\n","protected":false},"author":8,"featured_media":0,"parent":0,"menu_order":0,"comment_status":"closed","ping_status":"closed","template":"","meta":{"footnotes":""},"class_list":["post-2346","page","type-page","status-publish","czr-hentry"],"yoast_head":"<!-- This site is optimized with the Yoast SEO plugin v27.3 - https:\/\/yoast.com\/product\/yoast-seo-wordpress\/ -->\n<title>TESTIMONIALS\u200b &#8226; You Are The Point<\/title>\n<meta name=\"robots\" content=\"index, follow, max-snippet:-1, max-image-preview:large, max-video-preview:-1\" \/>\n<link rel=\"canonical\" href=\"https:\/\/you-are-the-point.de\/de\/testimonials\/\" \/>\n<meta property=\"og:locale\" content=\"de_DE\" \/>\n<meta property=\"og:type\" content=\"article\" \/>\n<meta property=\"og:title\" content=\"TESTIMONIALS\u200b &#8226; You Are The Point\" \/>\n<meta property=\"og:description\" content=\"Ich traf Angela bei einem Jaw-Release-Workshop bei Marameo. Ihr Fachwissen und ihr Selbstvertrauen haben mich so beeindruckt, dass ich mich f\u00fcr ihr Einzelcoaching angemeldet habe. Ich hatte mein ganzes Leben lang Kiefergelenksbeschwerden und habe als Zahnarzt viele Workshops besucht und verschiedene Therapien ausprobiert. Angela ist die erste Therapeutin, die ihr medizinisches Wissen gekonnt mit alternativen [&hellip;]\" \/>\n<meta property=\"og:url\" content=\"https:\/\/you-are-the-point.de\/de\/testimonials\/\" \/>\n<meta property=\"og:site_name\" content=\"You Are The Point\" \/>\n<meta property=\"article:publisher\" content=\"https:\/\/www.facebook.com\/angeliki.lamprianidou\" \/>\n<meta property=\"article:modified_time\" content=\"2024-03-26T16:17:48+00:00\" \/>\n<meta property=\"og:image\" content=\"https:\/\/i0.wp.com\/you-are-the-point.de\/wp-content\/uploads\/2022\/11\/Homepage-Design.webp?fit=1440%2C900&ssl=1\" \/>\n\t<meta property=\"og:image:width\" content=\"1440\" \/>\n\t<meta property=\"og:image:height\" content=\"900\" \/>\n\t<meta property=\"og:image:type\" content=\"image\/webp\" \/>\n<meta name=\"twitter:card\" content=\"summary_large_image\" \/>\n<meta name=\"twitter:label1\" content=\"Gesch\u00e4tzte Lesezeit\" \/>\n\t<meta name=\"twitter:data1\" content=\"8\u00a0Minuten\" \/>\n<script type=\"application\/ld+json\" class=\"yoast-schema-graph\">{\"@context\":\"https:\\\/\\\/schema.org\",\"@graph\":[{\"@type\":\"WebPage\",\"@id\":\"https:\\\/\\\/you-are-the-point.de\\\/testimonials\\\/\",\"url\":\"https:\\\/\\\/you-are-the-point.de\\\/testimonials\\\/\",\"name\":\"TESTIMONIALS\u200b &#8226; You Are The Point\",\"isPartOf\":{\"@id\":\"https:\\\/\\\/you-are-the-point.de\\\/#website\"},\"datePublished\":\"2023-12-02T11:36:25+00:00\",\"dateModified\":\"2024-03-26T16:17:48+00:00\",\"breadcrumb\":{\"@id\":\"https:\\\/\\\/you-are-the-point.de\\\/testimonials\\\/#breadcrumb\"},\"inLanguage\":\"de\",\"potentialAction\":[{\"@type\":\"ReadAction\",\"target\":[\"https:\\\/\\\/you-are-the-point.de\\\/testimonials\\\/\"]}]},{\"@type\":\"BreadcrumbList\",\"@id\":\"https:\\\/\\\/you-are-the-point.de\\\/testimonials\\\/#breadcrumb\",\"itemListElement\":[{\"@type\":\"ListItem\",\"position\":1,\"name\":\"Home\",\"item\":\"https:\\\/\\\/you-are-the-point.de\\\/de\\\/\"},{\"@type\":\"ListItem\",\"position\":2,\"name\":\"TESTIMONIALS\u200b\"}]},{\"@type\":\"WebSite\",\"@id\":\"https:\\\/\\\/you-are-the-point.de\\\/#website\",\"url\":\"https:\\\/\\\/you-are-the-point.de\\\/\",\"name\":\"You Are The Point\",\"description\":\"Interdisciplinary jaw and body release TMJ\",\"publisher\":{\"@id\":\"https:\\\/\\\/you-are-the-point.de\\\/#\\\/schema\\\/person\\\/29db71d76b764acd8b3a85e26492c7fd\"},\"alternateName\":\"Life Coach \u00b7 Jaw Release \u2022 Coaching f\u00fcr Knirscher\",\"potentialAction\":[{\"@type\":\"SearchAction\",\"target\":{\"@type\":\"EntryPoint\",\"urlTemplate\":\"https:\\\/\\\/you-are-the-point.de\\\/?s={search_term_string}\"},\"query-input\":{\"@type\":\"PropertyValueSpecification\",\"valueRequired\":true,\"valueName\":\"search_term_string\"}}],\"inLanguage\":\"de\"},{\"@type\":[\"Person\",\"Organization\"],\"@id\":\"https:\\\/\\\/you-are-the-point.de\\\/#\\\/schema\\\/person\\\/29db71d76b764acd8b3a85e26492c7fd\",\"name\":\"Angela Lamprianidou\",\"image\":{\"@type\":\"ImageObject\",\"inLanguage\":\"de\",\"@id\":\"https:\\\/\\\/you-are-the-point.de\\\/wp-content\\\/uploads\\\/2022\\\/10\\\/AAA_1417-c-Brieuc-Le-Meur-scaled.jpeg\",\"url\":\"https:\\\/\\\/you-are-the-point.de\\\/wp-content\\\/uploads\\\/2022\\\/10\\\/AAA_1417-c-Brieuc-Le-Meur-scaled.jpeg\",\"contentUrl\":\"https:\\\/\\\/you-are-the-point.de\\\/wp-content\\\/uploads\\\/2022\\\/10\\\/AAA_1417-c-Brieuc-Le-Meur-scaled.jpeg\",\"width\":1748,\"height\":2560,\"caption\":\"Angela Lamprianidou\"},\"logo\":{\"@id\":\"https:\\\/\\\/you-are-the-point.de\\\/wp-content\\\/uploads\\\/2022\\\/10\\\/AAA_1417-c-Brieuc-Le-Meur-scaled.jpeg\"},\"description\":\"Angela Lamprianidou is an approved dentist, a renowned choreographer and dance performer, and works as a holistic life coach based in Berlin, Germany.\",\"sameAs\":[\"https:\\\/\\\/lamprianidou.com\",\"https:\\\/\\\/www.facebook.com\\\/angeliki.lamprianidou\",\"https:\\\/\\\/www.instagram.com\\\/brillanteguidance\\\/\",\"https:\\\/\\\/www.linkedin.com\\\/in\\\/angela-lamprianidou-53716b9\",\"https:\\\/\\\/www.youtube.com\\\/@angelalamprianidou21\"]}]}<\/script>\n<!-- \/ Yoast SEO plugin. -->","yoast_head_json":{"title":"TESTIMONIALS\u200b &#8226; You Are The Point","robots":{"index":"index","follow":"follow","max-snippet":"max-snippet:-1","max-image-preview":"max-image-preview:large","max-video-preview":"max-video-preview:-1"},"canonical":"https:\/\/you-are-the-point.de\/de\/testimonials\/","og_locale":"de_DE","og_type":"article","og_title":"TESTIMONIALS\u200b &#8226; You Are The Point","og_description":"Ich traf Angela bei einem Jaw-Release-Workshop bei Marameo. Ihr Fachwissen und ihr Selbstvertrauen haben mich so beeindruckt, dass ich mich f\u00fcr ihr Einzelcoaching angemeldet habe. Ich hatte mein ganzes Leben lang Kiefergelenksbeschwerden und habe als Zahnarzt viele Workshops besucht und verschiedene Therapien ausprobiert. Angela ist die erste Therapeutin, die ihr medizinisches Wissen gekonnt mit alternativen [&hellip;]","og_url":"https:\/\/you-are-the-point.de\/de\/testimonials\/","og_site_name":"You Are The Point","article_publisher":"https:\/\/www.facebook.com\/angeliki.lamprianidou","article_modified_time":"2024-03-26T16:17:48+00:00","og_image":[{"width":1440,"height":900,"url":"https:\/\/i0.wp.com\/you-are-the-point.de\/wp-content\/uploads\/2022\/11\/Homepage-Design.webp?fit=1440%2C900&ssl=1","type":"image\/webp"}],"twitter_card":"summary_large_image","twitter_misc":{"Gesch\u00e4tzte Lesezeit":"8\u00a0Minuten"},"schema":{"@context":"https:\/\/schema.org","@graph":[{"@type":"WebPage","@id":"https:\/\/you-are-the-point.de\/testimonials\/","url":"https:\/\/you-are-the-point.de\/testimonials\/","name":"TESTIMONIALS\u200b &#8226; You Are The Point","isPartOf":{"@id":"https:\/\/you-are-the-point.de\/#website"},"datePublished":"2023-12-02T11:36:25+00:00","dateModified":"2024-03-26T16:17:48+00:00","breadcrumb":{"@id":"https:\/\/you-are-the-point.de\/testimonials\/#breadcrumb"},"inLanguage":"de","potentialAction":[{"@type":"ReadAction","target":["https:\/\/you-are-the-point.de\/testimonials\/"]}]},{"@type":"BreadcrumbList","@id":"https:\/\/you-are-the-point.de\/testimonials\/#breadcrumb","itemListElement":[{"@type":"ListItem","position":1,"name":"Home","item":"https:\/\/you-are-the-point.de\/de\/"},{"@type":"ListItem","position":2,"name":"TESTIMONIALS\u200b"}]},{"@type":"WebSite","@id":"https:\/\/you-are-the-point.de\/#website","url":"https:\/\/you-are-the-point.de\/","name":"You Are The Point","description":"Interdisciplinary jaw and body release TMJ","publisher":{"@id":"https:\/\/you-are-the-point.de\/#\/schema\/person\/29db71d76b764acd8b3a85e26492c7fd"},"alternateName":"Life Coach \u00b7 Jaw Release \u2022 Coaching f\u00fcr Knirscher","potentialAction":[{"@type":"SearchAction","target":{"@type":"EntryPoint","urlTemplate":"https:\/\/you-are-the-point.de\/?s={search_term_string}"},"query-input":{"@type":"PropertyValueSpecification","valueRequired":true,"valueName":"search_term_string"}}],"inLanguage":"de"},{"@type":["Person","Organization"],"@id":"https:\/\/you-are-the-point.de\/#\/schema\/person\/29db71d76b764acd8b3a85e26492c7fd","name":"Angela Lamprianidou","image":{"@type":"ImageObject","inLanguage":"de","@id":"https:\/\/you-are-the-point.de\/wp-content\/uploads\/2022\/10\/AAA_1417-c-Brieuc-Le-Meur-scaled.jpeg","url":"https:\/\/you-are-the-point.de\/wp-content\/uploads\/2022\/10\/AAA_1417-c-Brieuc-Le-Meur-scaled.jpeg","contentUrl":"https:\/\/you-are-the-point.de\/wp-content\/uploads\/2022\/10\/AAA_1417-c-Brieuc-Le-Meur-scaled.jpeg","width":1748,"height":2560,"caption":"Angela Lamprianidou"},"logo":{"@id":"https:\/\/you-are-the-point.de\/wp-content\/uploads\/2022\/10\/AAA_1417-c-Brieuc-Le-Meur-scaled.jpeg"},"description":"Angela Lamprianidou is an approved dentist, a renowned choreographer and dance performer, and works as a holistic life coach based in Berlin, Germany.","sameAs":["https:\/\/lamprianidou.com","https:\/\/www.facebook.com\/angeliki.lamprianidou","https:\/\/www.instagram.com\/brillanteguidance\/","https:\/\/www.linkedin.com\/in\/angela-lamprianidou-53716b9","https:\/\/www.youtube.com\/@angelalamprianidou21"]}]}},"jetpack_sharing_enabled":true,"_links":{"self":[{"href":"https:\/\/you-are-the-point.de\/de\/wp-json\/wp\/v2\/pages\/2346","targetHints":{"allow":["GET"]}}],"collection":[{"href":"https:\/\/you-are-the-point.de\/de\/wp-json\/wp\/v2\/pages"}],"about":[{"href":"https:\/\/you-are-the-point.de\/de\/wp-json\/wp\/v2\/types\/page"}],"author":[{"embeddable":true,"href":"https:\/\/you-are-the-point.de\/de\/wp-json\/wp\/v2\/users\/8"}],"replies":[{"embeddable":true,"href":"https:\/\/you-are-the-point.de\/de\/wp-json\/wp\/v2\/comments?post=2346"}],"version-history":[{"count":10,"href":"https:\/\/you-are-the-point.de\/de\/wp-json\/wp\/v2\/pages\/2346\/revisions"}],"predecessor-version":[{"id":3081,"href":"https:\/\/you-are-the-point.de\/de\/wp-json\/wp\/v2\/pages\/2346\/revisions\/3081"}],"wp:attachment":[{"href":"https:\/\/you-are-the-point.de\/de\/wp-json\/wp\/v2\/media?parent=2346"}],"curies":[{"name":"wp","href":"https:\/\/api.w.org\/{rel}","templated":true}]}}